{"id":1102,"date":"2022-03-23T05:05:49","date_gmt":"2022-03-23T04:05:49","guid":{"rendered":"https:\/\/museofellini.studiovisuale.it\/partner\/"},"modified":"2023-12-13T12:34:01","modified_gmt":"2023-12-13T11:34:01","slug":"partner","status":"publish","type":"page","link":"https:\/\/fellinimuseum.it\/en\/partner\/","title":{"rendered":"Partner"},"content":{"rendered":"<div id=\"block-text-image-block_035df2ce1a4696d6b2a6da0224ba8d61\" class=\"block-partner-museum pt-5\">\r\n                <div class=\"row pt-5 pb-5\">\r\n                <div class=\"col-12 row-border\">\r\n                    <h4 class=\"fontDim2 title\">Gold sponsor:<\/h4>\r\n                <\/div>\r\n                <div class=\"col-12\">\r\n                    <div class=\"row row-list-partner\">\r\n                                                        <div class=\"col-6 col-md-3\">\r\n                                    <a class=\"c-logo -ratio-1_1\" href=\"\">\r\n                                        <img loading=\"lazy\" decoding=\"async\" width=\"640\" height=\"368\" src=\"https:\/\/fellinimuseum.it\/wp-content\/uploads\/2022\/03\/gruppo-hera.png\" class=\"attachment-large size-large\" alt=\"\" srcset=\"https:\/\/fellinimuseum.it\/wp-content\/uploads\/2022\/03\/gruppo-hera.png 939w, https:\/\/fellinimuseum.it\/wp-content\/uploads\/2022\/03\/gruppo-hera-300x173.png 300w, https:\/\/fellinimuseum.it\/wp-content\/uploads\/2022\/03\/gruppo-hera-768x442.png 768w\" sizes=\"auto, (max-width: 640px) 100vw, 640px\" \/>                                    <\/a>\r\n                                <\/div>\r\n                                                <\/div>\r\n\r\n                <\/div>>\r\n            <\/div>\r\n                    <div class=\"row pt-5 pb-5\">\r\n                <div class=\"col-12 row-border\">\r\n                    <h4 class=\"fontDim2 title\">Technical sponsor:<\/h4>\r\n                <\/div>\r\n                <div class=\"col-12\">\r\n                    <div class=\"row row-list-partner\">\r\n                                                        <div class=\"col-6 col-md-3\">\r\n                                    <a class=\"c-logo -ratio-1_1\" href=\"https:\/\/www.grandhotelrimini.com\/en-GB\/federico-fellini-grand-hotel-rimini\">\r\n                                        <img loading=\"lazy\" decoding=\"async\" width=\"640\" height=\"262\" src=\"https:\/\/fellinimuseum.it\/wp-content\/uploads\/2023\/08\/GHR-LogoDEF-Pant873C-1024x419.jpg\" class=\"attachment-large size-large\" alt=\"\" srcset=\"https:\/\/fellinimuseum.it\/wp-content\/uploads\/2023\/08\/GHR-LogoDEF-Pant873C-1024x419.jpg 1024w, https:\/\/fellinimuseum.it\/wp-content\/uploads\/2023\/08\/GHR-LogoDEF-Pant873C-300x123.jpg 300w, https:\/\/fellinimuseum.it\/wp-content\/uploads\/2023\/08\/GHR-LogoDEF-Pant873C-768x314.jpg 768w, https:\/\/fellinimuseum.it\/wp-content\/uploads\/2023\/08\/GHR-LogoDEF-Pant873C.jpg 1299w\" sizes=\"auto, (max-width: 640px) 100vw, 640px\" \/>                                    <\/a>\r\n                                <\/div>\r\n                                                <\/div>\r\n\r\n                <\/div>>\r\n            <\/div>\r\n                    <div class=\"row pt-5 pb-5\">\r\n                <div class=\"col-12 row-border\">\r\n                    <h4 class=\"fontDim2 title\">In collaboration with:<\/h4>\r\n                <\/div>\r\n                <div class=\"col-12\">\r\n                    <div class=\"row row-list-partner\">\r\n                                                        <div class=\"col-6 col-md-3\">\r\n                                    <a class=\"c-logo -ratio-1_1\" href=\"\">\r\n                                        <img loading=\"lazy\" decoding=\"async\" width=\"640\" height=\"362\" src=\"https:\/\/fellinimuseum.it\/wp-content\/uploads\/2022\/03\/01-mediaset.png\" class=\"attachment-large size-large\" alt=\"\" srcset=\"https:\/\/fellinimuseum.it\/wp-content\/uploads\/2022\/03\/01-mediaset.png 939w, https:\/\/fellinimuseum.it\/wp-content\/uploads\/2022\/03\/01-mediaset-300x170.png 300w, https:\/\/fellinimuseum.it\/wp-content\/uploads\/2022\/03\/01-mediaset-768x434.png 768w\" sizes=\"auto, (max-width: 640px) 100vw, 640px\" \/>                                    <\/a>\r\n                                <\/div>\r\n                                                            <div class=\"col-6 col-md-3\">\r\n                                    <a class=\"c-logo -ratio-1_1\" href=\"\">\r\n                                        <img loading=\"lazy\" decoding=\"async\" width=\"640\" height=\"362\" src=\"https:\/\/fellinimuseum.it\/wp-content\/uploads\/2022\/03\/02-titanus.png\" class=\"attachment-large size-large\" alt=\"\" srcset=\"https:\/\/fellinimuseum.it\/wp-content\/uploads\/2022\/03\/02-titanus.png 939w, https:\/\/fellinimuseum.it\/wp-content\/uploads\/2022\/03\/02-titanus-300x170.png 300w, https:\/\/fellinimuseum.it\/wp-content\/uploads\/2022\/03\/02-titanus-768x434.png 768w\" sizes=\"auto, (max-width: 640px) 100vw, 640px\" \/>                                    <\/a>\r\n                                <\/div>\r\n                                                            <div class=\"col-6 col-md-3\">\r\n                                    <a class=\"c-logo -ratio-1_1\" href=\"\">\r\n                                        <img loading=\"lazy\" decoding=\"async\" width=\"640\" height=\"362\" src=\"https:\/\/fellinimuseum.it\/wp-content\/uploads\/2022\/03\/03-pea.png\" class=\"attachment-large size-large\" alt=\"\" srcset=\"https:\/\/fellinimuseum.it\/wp-content\/uploads\/2022\/03\/03-pea.png 939w, https:\/\/fellinimuseum.it\/wp-content\/uploads\/2022\/03\/03-pea-300x170.png 300w, https:\/\/fellinimuseum.it\/wp-content\/uploads\/2022\/03\/03-pea-768x434.png 768w\" sizes=\"auto, (max-width: 640px) 100vw, 640px\" \/>                                    <\/a>\r\n                                <\/div>\r\n                                                            <div class=\"col-6 col-md-3\">\r\n                                    <a class=\"c-logo -ratio-1_1\" href=\"\">\r\n                                        <img loading=\"lazy\" decoding=\"async\" width=\"640\" height=\"362\" src=\"https:\/\/fellinimuseum.it\/wp-content\/uploads\/2022\/03\/04-cristaldi.png\" class=\"attachment-large size-large\" alt=\"\" srcset=\"https:\/\/fellinimuseum.it\/wp-content\/uploads\/2022\/03\/04-cristaldi.png 939w, https:\/\/fellinimuseum.it\/wp-content\/uploads\/2022\/03\/04-cristaldi-300x170.png 300w, https:\/\/fellinimuseum.it\/wp-content\/uploads\/2022\/03\/04-cristaldi-768x434.png 768w\" sizes=\"auto, (max-width: 640px) 100vw, 640px\" \/>                                    <\/a>\r\n                                <\/div>\r\n                                                            <div class=\"col-6 col-md-3\">\r\n                                    <a class=\"c-logo -ratio-1_1\" href=\"\">\r\n                                        <img loading=\"lazy\" decoding=\"async\" width=\"640\" height=\"362\" src=\"https:\/\/fellinimuseum.it\/wp-content\/uploads\/2022\/03\/05-raicinema.png\" class=\"attachment-large size-large\" alt=\"\" srcset=\"https:\/\/fellinimuseum.it\/wp-content\/uploads\/2022\/03\/05-raicinema.png 939w, https:\/\/fellinimuseum.it\/wp-content\/uploads\/2022\/03\/05-raicinema-300x170.png 300w, https:\/\/fellinimuseum.it\/wp-content\/uploads\/2022\/03\/05-raicinema-768x434.png 768w\" sizes=\"auto, (max-width: 640px) 100vw, 640px\" \/>                                    <\/a>\r\n                                <\/div>\r\n                                                            <div class=\"col-6 col-md-3\">\r\n                                    <a class=\"c-logo -ratio-1_1\" href=\"\">\r\n                                        <img loading=\"lazy\" decoding=\"async\" width=\"640\" height=\"362\" src=\"https:\/\/fellinimuseum.it\/wp-content\/uploads\/2022\/03\/06-raitech.png\" class=\"attachment-large size-large\" alt=\"\" srcset=\"https:\/\/fellinimuseum.it\/wp-content\/uploads\/2022\/03\/06-raitech.png 939w, https:\/\/fellinimuseum.it\/wp-content\/uploads\/2022\/03\/06-raitech-300x170.png 300w, https:\/\/fellinimuseum.it\/wp-content\/uploads\/2022\/03\/06-raitech-768x434.png 768w\" sizes=\"auto, (max-width: 640px) 100vw, 640px\" \/>                                    <\/a>\r\n                                <\/div>\r\n                                                            <div class=\"col-6 col-md-3\">\r\n                                    <a class=\"c-logo -ratio-1_1\" href=\"\">\r\n                                        <img loading=\"lazy\" decoding=\"async\" width=\"640\" height=\"362\" src=\"https:\/\/fellinimuseum.it\/wp-content\/uploads\/2022\/03\/07-cinecitta.png\" class=\"attachment-large size-large\" alt=\"\" srcset=\"https:\/\/fellinimuseum.it\/wp-content\/uploads\/2022\/03\/07-cinecitta.png 939w, https:\/\/fellinimuseum.it\/wp-content\/uploads\/2022\/03\/07-cinecitta-300x170.png 300w, https:\/\/fellinimuseum.it\/wp-content\/uploads\/2022\/03\/07-cinecitta-768x434.png 768w\" sizes=\"auto, (max-width: 640px) 100vw, 640px\" \/>                                    <\/a>\r\n                                <\/div>\r\n                                                            <div class=\"col-6 col-md-3\">\r\n                                    <a class=\"c-logo -ratio-1_1\" href=\"\">\r\n                                        <img loading=\"lazy\" decoding=\"async\" width=\"640\" height=\"362\" src=\"https:\/\/fellinimuseum.it\/wp-content\/uploads\/2022\/03\/08-gaumont.png\" class=\"attachment-large size-large\" alt=\"\" srcset=\"https:\/\/fellinimuseum.it\/wp-content\/uploads\/2022\/03\/08-gaumont.png 939w, https:\/\/fellinimuseum.it\/wp-content\/uploads\/2022\/03\/08-gaumont-300x170.png 300w, https:\/\/fellinimuseum.it\/wp-content\/uploads\/2022\/03\/08-gaumont-768x434.png 768w\" sizes=\"auto, (max-width: 640px) 100vw, 640px\" \/>                                    <\/a>\r\n                                <\/div>\r\n                                                            <div class=\"col-6 col-md-3\">\r\n                                    <a class=\"c-logo -ratio-1_1\" href=\"\">\r\n                                        <img loading=\"lazy\" decoding=\"async\" width=\"640\" height=\"362\" src=\"https:\/\/fellinimuseum.it\/wp-content\/uploads\/2022\/04\/09-leone.png\" class=\"attachment-large size-large\" alt=\"\" srcset=\"https:\/\/fellinimuseum.it\/wp-content\/uploads\/2022\/04\/09-leone.png 939w, https:\/\/fellinimuseum.it\/wp-content\/uploads\/2022\/04\/09-leone-300x170.png 300w, https:\/\/fellinimuseum.it\/wp-content\/uploads\/2022\/04\/09-leone-768x434.png 768w\" sizes=\"auto, (max-width: 640px) 100vw, 640px\" \/>                                    <\/a>\r\n                                <\/div>\r\n                                                <\/div>\r\n\r\n                <\/div>>\r\n            <\/div>\r\n        <\/div>\n\n<div id=\"block-two-column-block_458100291a2b7999e0432693c5c21df7\" class=\"block-two-column-museum\" style=\"background: ; color: \">\r\n    <div class=\"row pt-5 pb-3\">\r\n                                    <div class=\"col-12 col-md-6\">\r\n                    <div class=\"text\">\r\n                                                    <h3 class=\"fontDim4 fontLight \">Thanks to<\/h3>\r\n                                            <\/div>\r\n\r\n                <\/div>\r\n                    \r\n                                    <div class=\"col-12 col-md-6\">\r\n                    <div class=\"text\">\r\n                                            <\/div>\r\n                <\/div>\r\n                        <\/div>\r\n    <div class=\"row pb-5\">\r\n                                    <div class=\"col-12 col-md-6\">\r\n                    <div class=\"text\">\r\n                                                    <div class=\"fontDim2 padding-top-1\">\r\n                                <p>Teche Rai<br \/>\nArchivio Storico Istituto Luce Cinecitt\u00e0<br \/>\nArchivio fotografico del Centro Sperimentale di Cinematografia<br \/>\nFondation Fellini pour le Cin\u00e9ma<br \/>\nAssociazione culturale Tonino Guerra<br \/>\nReporters Associati &amp; Archivi<br \/>\nFondazione Cineteca di Bologna<br \/>\nCinemazero<br \/>\nAssociazione culturale Mimmo Cattarinich<\/p>\n                            <\/div>\r\n                                            <\/div>\r\n\r\n                <\/div>\r\n                    \r\n                                    <div class=\"col-12 col-md-6\">\r\n                    <div class=\"text\">\r\n                                                    <div class=\"fontDim2 padding-top-1\">\r\n                                <p>RTS Radio T\u00e9l\u00e9vision Suisse<br \/>\nRTVE Corporaci\u00f3n Radiotelevisi\u00f3n Espa\u00f1ola<br \/>\nSonuma-RTBF Archive Images<br \/>\nCollisioni e Fondazione E. di Mirafiore<br \/>\nGianni Canova<br \/>\nRosita Copioli<br \/>\nFrancesca Fabbri Fellini<br \/>\nAntonio Maraldi<br \/>\nPaolo Mereghetti<br \/>\nFamiglia Zanzotto<\/p>\n                            <\/div>\r\n                                            <\/div>\r\n                <\/div>\r\n                        <\/div>\r\n<\/div>","protected":false},"excerpt":{"rendered":"","protected":false},"author":2,"featured_media":0,"parent":0,"menu_order":0,"comment_status":"closed","ping_status":"closed","template":"","meta":{"_acf_changed":false,"footnotes":""},"class_list":["post-1102","page","type-page","status-publish","hentry"],"acf":[],"yoast_head":"<!-- This site is optimized with the Yoast SEO plugin v27.3 - https:\/\/yoast.com\/product\/yoast-seo-wordpress\/ -->\n<title>Partner - Fellini Museum<\/title>\n<meta name=\"robots\" content=\"index, follow, max-snippet:-1, max-image-preview:large, max-video-preview:-1\" \/>\n<link rel=\"canonical\" href=\"https:\/\/fellinimuseum.it\/en\/partner\/\" \/>\n<meta property=\"og:locale\" content=\"en_US\" \/>\n<meta property=\"og:type\" content=\"article\" \/>\n<meta property=\"og:title\" content=\"Partner - Fellini Museum\" \/>\n<meta property=\"og:url\" content=\"https:\/\/fellinimuseum.it\/en\/partner\/\" \/>\n<meta property=\"og:site_name\" content=\"Fellini Museum\" \/>\n<meta property=\"article:publisher\" content=\"https:\/\/www.facebook.com\/FelliniMuseum\/\" \/>\n<meta property=\"article:modified_time\" content=\"2023-12-13T11:34:01+00:00\" \/>\n<meta name=\"twitter:card\" content=\"summary_large_image\" \/>\n<script type=\"application\/ld+json\" class=\"yoast-schema-graph\">{\"@context\":\"https:\\\/\\\/schema.org\",\"@graph\":[{\"@type\":\"WebPage\",\"@id\":\"https:\\\/\\\/fellinimuseum.it\\\/en\\\/partner\\\/\",\"url\":\"https:\\\/\\\/fellinimuseum.it\\\/en\\\/partner\\\/\",\"name\":\"Partner - Fellini Museum\",\"isPartOf\":{\"@id\":\"https:\\\/\\\/fellinimuseum.it\\\/#website\"},\"datePublished\":\"2022-03-23T04:05:49+00:00\",\"dateModified\":\"2023-12-13T11:34:01+00:00\",\"breadcrumb\":{\"@id\":\"https:\\\/\\\/fellinimuseum.it\\\/en\\\/partner\\\/#breadcrumb\"},\"inLanguage\":\"en-US\",\"potentialAction\":[{\"@type\":\"ReadAction\",\"target\":[\"https:\\\/\\\/fellinimuseum.it\\\/en\\\/partner\\\/\"]}]},{\"@type\":\"BreadcrumbList\",\"@id\":\"https:\\\/\\\/fellinimuseum.it\\\/en\\\/partner\\\/#breadcrumb\",\"itemListElement\":[{\"@type\":\"ListItem\",\"position\":1,\"name\":\"Home\",\"item\":\"https:\\\/\\\/fellinimuseum.it\\\/en\\\/\"},{\"@type\":\"ListItem\",\"position\":2,\"name\":\"Partner\"}]},{\"@type\":\"WebSite\",\"@id\":\"https:\\\/\\\/fellinimuseum.it\\\/#website\",\"url\":\"https:\\\/\\\/fellinimuseum.it\\\/\",\"name\":\"Fellini Museum\",\"description\":\"\",\"publisher\":{\"@id\":\"https:\\\/\\\/fellinimuseum.it\\\/#organization\"},\"potentialAction\":[{\"@type\":\"SearchAction\",\"target\":{\"@type\":\"EntryPoint\",\"urlTemplate\":\"https:\\\/\\\/fellinimuseum.it\\\/?s={search_term_string}\"},\"query-input\":{\"@type\":\"PropertyValueSpecification\",\"valueRequired\":true,\"valueName\":\"search_term_string\"}}],\"inLanguage\":\"en-US\"},{\"@type\":\"Organization\",\"@id\":\"https:\\\/\\\/fellinimuseum.it\\\/#organization\",\"name\":\"Fellini Museum\",\"url\":\"https:\\\/\\\/fellinimuseum.it\\\/\",\"logo\":{\"@type\":\"ImageObject\",\"inLanguage\":\"en-US\",\"@id\":\"https:\\\/\\\/fellinimuseum.it\\\/#\\\/schema\\\/logo\\\/image\\\/\",\"url\":\"https:\\\/\\\/fellinimuseum.it\\\/wp-content\\\/uploads\\\/2023\\\/12\\\/logo-fellini-biancoenero.jpg\",\"contentUrl\":\"https:\\\/\\\/fellinimuseum.it\\\/wp-content\\\/uploads\\\/2023\\\/12\\\/logo-fellini-biancoenero.jpg\",\"width\":1408,\"height\":850,\"caption\":\"Fellini Museum\"},\"image\":{\"@id\":\"https:\\\/\\\/fellinimuseum.it\\\/#\\\/schema\\\/logo\\\/image\\\/\"},\"sameAs\":[\"https:\\\/\\\/www.facebook.com\\\/FelliniMuseum\\\/\"]}]}<\/script>\n<!-- \/ Yoast SEO plugin. -->","yoast_head_json":{"title":"Partner - Fellini Museum","robots":{"index":"index","follow":"follow","max-snippet":"max-snippet:-1","max-image-preview":"max-image-preview:large","max-video-preview":"max-video-preview:-1"},"canonical":"https:\/\/fellinimuseum.it\/en\/partner\/","og_locale":"en_US","og_type":"article","og_title":"Partner - Fellini Museum","og_url":"https:\/\/fellinimuseum.it\/en\/partner\/","og_site_name":"Fellini Museum","article_publisher":"https:\/\/www.facebook.com\/FelliniMuseum\/","article_modified_time":"2023-12-13T11:34:01+00:00","twitter_card":"summary_large_image","schema":{"@context":"https:\/\/schema.org","@graph":[{"@type":"WebPage","@id":"https:\/\/fellinimuseum.it\/en\/partner\/","url":"https:\/\/fellinimuseum.it\/en\/partner\/","name":"Partner - Fellini Museum","isPartOf":{"@id":"https:\/\/fellinimuseum.it\/#website"},"datePublished":"2022-03-23T04:05:49+00:00","dateModified":"2023-12-13T11:34:01+00:00","breadcrumb":{"@id":"https:\/\/fellinimuseum.it\/en\/partner\/#breadcrumb"},"inLanguage":"en-US","potentialAction":[{"@type":"ReadAction","target":["https:\/\/fellinimuseum.it\/en\/partner\/"]}]},{"@type":"BreadcrumbList","@id":"https:\/\/fellinimuseum.it\/en\/partner\/#breadcrumb","itemListElement":[{"@type":"ListItem","position":1,"name":"Home","item":"https:\/\/fellinimuseum.it\/en\/"},{"@type":"ListItem","position":2,"name":"Partner"}]},{"@type":"WebSite","@id":"https:\/\/fellinimuseum.it\/#website","url":"https:\/\/fellinimuseum.it\/","name":"Fellini Museum","description":"","publisher":{"@id":"https:\/\/fellinimuseum.it\/#organization"},"potentialAction":[{"@type":"SearchAction","target":{"@type":"EntryPoint","urlTemplate":"https:\/\/fellinimuseum.it\/?s={search_term_string}"},"query-input":{"@type":"PropertyValueSpecification","valueRequired":true,"valueName":"search_term_string"}}],"inLanguage":"en-US"},{"@type":"Organization","@id":"https:\/\/fellinimuseum.it\/#organization","name":"Fellini Museum","url":"https:\/\/fellinimuseum.it\/","logo":{"@type":"ImageObject","inLanguage":"en-US","@id":"https:\/\/fellinimuseum.it\/#\/schema\/logo\/image\/","url":"https:\/\/fellinimuseum.it\/wp-content\/uploads\/2023\/12\/logo-fellini-biancoenero.jpg","contentUrl":"https:\/\/fellinimuseum.it\/wp-content\/uploads\/2023\/12\/logo-fellini-biancoenero.jpg","width":1408,"height":850,"caption":"Fellini Museum"},"image":{"@id":"https:\/\/fellinimuseum.it\/#\/schema\/logo\/image\/"},"sameAs":["https:\/\/www.facebook.com\/FelliniMuseum\/"]}]}},"_links":{"self":[{"href":"https:\/\/fellinimuseum.it\/en\/wp-json\/wp\/v2\/pages\/1102","targetHints":{"allow":["GET"]}}],"collection":[{"href":"https:\/\/fellinimuseum.it\/en\/wp-json\/wp\/v2\/pages"}],"about":[{"href":"https:\/\/fellinimuseum.it\/en\/wp-json\/wp\/v2\/types\/page"}],"author":[{"embeddable":true,"href":"https:\/\/fellinimuseum.it\/en\/wp-json\/wp\/v2\/users\/2"}],"replies":[{"embeddable":true,"href":"https:\/\/fellinimuseum.it\/en\/wp-json\/wp\/v2\/comments?post=1102"}],"version-history":[{"count":18,"href":"https:\/\/fellinimuseum.it\/en\/wp-json\/wp\/v2\/pages\/1102\/revisions"}],"predecessor-version":[{"id":4925,"href":"https:\/\/fellinimuseum.it\/en\/wp-json\/wp\/v2\/pages\/1102\/revisions\/4925"}],"wp:attachment":[{"href":"https:\/\/fellinimuseum.it\/en\/wp-json\/wp\/v2\/media?parent=1102"}],"curies":[{"name":"wp","href":"https:\/\/api.w.org\/{rel}","templated":true}]}}