{"id":4934,"date":"2023-12-18T16:52:27","date_gmt":"2023-12-18T15:52:27","guid":{"rendered":"https:\/\/fellini.pianetaitalia.com\/?page_id=4934"},"modified":"2023-12-20T11:29:38","modified_gmt":"2023-12-20T10:29:38","slug":"privacy","status":"publish","type":"page","link":"https:\/\/fellinimuseum.it\/en\/privacy\/","title":{"rendered":"Privacy"},"content":{"rendered":"\n<p><strong>Chi siamo<\/strong><\/p>\n\n\n\n<p>Comune di Rimini,&nbsp;Piazza Cavour 27, 47900 RIMINI (RN)<\/p>\n\n\n\n<p><strong>INFORMATIVA AI SENSI DEGLI ARTT. 13 E 14 DEL REGOLAMENTO UE 2016\/679<\/strong><\/p>\n\n\n\n<ol class=\"wp-block-list\">\n<li><strong>Identit\u00e0 e dati di contatto del titolare del trattamento<\/strong><\/li>\n<\/ol>\n\n\n\n<p>Ai sensi del vigente Codice in materia di protezione dei dati personali D.lgs. 196\/2003, come modificato dal D.lgs. n. 101\/2018, e del Regolamento europeo in materia di protezione dei dati personali 2016\/679, il Titolare del trattamento \u00e8 il Comune di Rimini, con sede in Piazza Cavour, 27\u2013 47900 Rimini.<\/p>\n\n\n\n<ol class=\"wp-block-list\" start=\"2\">\n<li><strong>Il Responsabile della protezione dei dati personali<\/strong><\/li>\n<\/ol>\n\n\n\n<p>Il Comune di Rimini ha designato quale Responsabile della protezione dei dati lo Studio Paci &amp; C. S.R.L. \u2013&nbsp; Sede Legale: Via Edelweiss Rodriguez Senior, 13 CAP 47924 Rimini (RN), il quale pu\u00f2 essere contatto all\u2019indirizzo email&nbsp;<a href=\"mailto:dpo@studiopaciecsrl.it\">dpo@studiopaciecsrl.it<\/a><\/p>\n\n\n\n<ol class=\"wp-block-list\" start=\"3\">\n<li><strong>Finalit\u00e0 e base giuridica del trattamento<\/strong><\/li>\n<\/ol>\n\n\n\n<p>Il trattamento dei dati personali \u00e8 necessario per l\u2019esecuzione di un compito di interesse pubblico o connesso&nbsp;all\u2019esercizio di pubblici poteri di cui \u00e8 investito il titolare del trattamento ai sensi dell\u2019art. 6, comma 1 lett. e) Il trattamento dei dati personali degli interessati viene effettuato dal Comune di Rimini per lo svolgimento di funzioni istituzionali e, pertanto, ai sensi dell\u2019art. 6 comma 1 lett. e) non necessita del consenso. In particolare, il trattamento \u00e8 effettuato per consentire lo svolgimento della procedura negoziata di affidamento di fornitura.<\/p>\n\n\n\n<ol class=\"wp-block-list\" start=\"4\">\n<li><strong>Responsabili del trattamento<\/strong><\/li>\n<\/ol>\n\n\n\n<p>Il Comune di Rimini pu\u00f2 avvalersi di soggetti terzi per l\u2019espletamento di attivit\u00e0 e relativi trattamenti di dati personali di cui il Comune stesso conserva la titolarit\u00e0. Conformemente a quanto stabilito dalla normativa, tali soggetti assicurano livelli di esperienza, capacit\u00e0 e affidabilit\u00e0 tali da garantire il rispetto delle vigenti disposizioni in materia di trattamento, ivi compreso il profilo della sicurezza dei dati. Vengono formalizzate da parte del Comune di Rimini istruzioni, compiti ed oneri in capo a tali soggetti terzi con la designazione degli stessi a \u201cResponsabili del trattamento\u201d. Tali soggetti vengono sottoposti a verifiche periodiche al fine di constatare il mantenimento dei livelli di garanzia registrati in occasione dell\u2019affidamento dell\u2019incarico iniziale.<\/p>\n\n\n\n<ol class=\"wp-block-list\" start=\"5\">\n<li><strong>Soggetti autorizzati al trattamento<\/strong><\/li>\n<\/ol>\n\n\n\n<p>I dati personali raccolti sono trattati da personale interno e collaboratori previamente autorizzati e designati quali incaricati del trattamento, a cui sono impartite idonee istruzioni in ordine a misure, accorgimenti,&nbsp;modus operandi, tutti volti alla concreta tutela dei dati personali degli interessati.<\/p>\n\n\n\n<ol class=\"wp-block-list\" start=\"6\">\n<li><strong>Raccolta dei dati<\/strong><\/li>\n<\/ol>\n\n\n\n<p>I dati personali sono raccolti direttamente presso gli interessati. Il Comune di Rimini procede alla raccolta dei dati personali degli interessati anche presso&nbsp;banche dati pubbliche. Nel caso in cui sia previsto l\u2019utilizzo di piattaforme informatiche, alcuni dati personali potranno essere raccolti automaticamente dal sistema informatico per via dell\u2019utilizzo di dette piattaforme. I dati personali degli interessati saranno trattati con strumenti automatizzati e non automatizzati. Specifiche misure di sicurezza sono osservate per prevenire la perdita di dati, usi illeciti o non corretti ed accessi non autorizzati.<\/p>\n\n\n\n<ol class=\"wp-block-list\" start=\"7\">\n<li><strong>Conferimento dei dati<\/strong><\/li>\n<\/ol>\n\n\n\n<p>Il conferimento dei dati personali non \u00e8 obbligatorio, ma necessario, in quanto il mancato conferimento impedisce lo svolgimento dell\u2019attivit\u00e0 istituzionale relative al procedimento.<\/p>\n\n\n\n<ol class=\"wp-block-list\" start=\"8\">\n<li><strong>Destinatari dei dati personali<\/strong><\/li>\n<\/ol>\n\n\n\n<p>In caso di esercizio dei diritti di accesso a documenti amministrativi e accesso civico da parte di soggetti terzi, l\u2019eventuale comunicazione di dati personali avverr\u00e0 esclusivamente in conformit\u00e0 a quanto previsto dalla normativa&nbsp;pro tempo&nbsp;applicabile. I dati personali potranno inoltre essere comunicati, su espressa richiesta, da parte dell\u2019autorit\u00e0 giudiziaria o di polizia. I dati personali sono soggetti a diffusione nei casi previsti dalla normativa, ivi compresa la pubblicazione nelle pagine del sito web del Comune di Rimini (Amministrazione Trasparente, Albo pretorio ecc.).<\/p>\n\n\n\n<ol class=\"wp-block-list\" start=\"9\">\n<li><strong>Trasferimento dei dati personali a Paesi extra UE<\/strong><\/li>\n<\/ol>\n\n\n\n<p>I dati personali raccolti non sono trasferiti al di fuori dallo Spazio Economico Europeo.<\/p>\n\n\n\n<ol class=\"wp-block-list\" start=\"10\">\n<li><strong>Periodo di conservazione<\/strong><\/li>\n<\/ol>\n\n\n\n<p>I dati personali degli interessati sono conservati per un periodo non superiore a quello necessario per il perseguimento delle finalit\u00e0 sopra menzionate. A tal fine, anche mediante controlli periodici, viene verificata costantemente la stretta pertinenza, non eccedenza e indispensabilit\u00e0 dei dati rispetto al rapporto, alla prestazione o all\u2019incarico in corso, da instaurare o cessati, anche con riferimento ai dati forniti dagli interessati di propria iniziativa. I dati che, anche a seguito delle verifiche, risultano eccedenti o non pertinenti o non indispensabili non sono utilizzati, salvo che per l\u2019eventuale conservazione, a norma di legge, dell\u2019atto o del documento che li contiene. Tuttavia, i dati personali potranno essere conservati anche oltre il periodo necessario alle finalit\u00e0 di cui sopra, se ci\u00f2 si renda necessario per fini di archiviazione nel pubblico interesse, di ricerca storica o a fini statistici, come previsto dall\u2019art. 5 del Regolamento UE 2016\/679.<\/p>\n\n\n\n<ol class=\"wp-block-list\" start=\"11\">\n<li><strong>I diritti dell\u2019Interessato<\/strong><\/li>\n<\/ol>\n\n\n\n<p>Gli Interessati hanno diritto di accedere ai dati che li riguardano e di chiederne, nel rispetto delle disposizioni e dei termini inerenti la procedura, l\u2019aggiornamento, la rettifica, l\u2019integrazione, la cancellazione, il blocco di eventuali dati non pertinenti o raccolti in modo non conforme alle norme, nonch\u00e9 proporre opposizione al trattamento per motivi legittimi, cos\u00ec come previsto dagli artt. da 15 a 22 del Regolamento Ue 2016\/679.<\/p>\n\n\n\n<p>Resta ferma la facolt\u00e0 dell\u2019Interessato di agire mediante reclamo innanzi al Garante della Privacy nella veste di Autorit\u00e0 di Controllo al trattamento dei dati personali.<\/p>\n\n\n\n<p>Le comunicazioni relative all\u2019esercizio dei diritti indicati devono avvenire a mezzo di PEC all\u2019indirizzo <a href=\"mailto:dipartimento4@pec.comune.rimini.it\">dipartimento4@pec.comune.rimini.it<\/a>.<\/p>\n","protected":false},"excerpt":{"rendered":"<p>Chi siamo Comune di Rimini,&nbsp;Piazza Cavour 27, 47900 RIMINI (RN) INFORMATIVA AI SENSI DEGLI ARTT. 13 E 14 DEL REGOLAMENTO UE 2016\/679 Ai sensi del vigente Codice in materia di [&hellip;]<\/p>\n","protected":false},"author":2,"featured_media":0,"parent":0,"menu_order":0,"comment_status":"closed","ping_status":"closed","template":"privacy.php","meta":{"_acf_changed":false,"footnotes":""},"class_list":["post-4934","page","type-page","status-publish","hentry"],"acf":[],"yoast_head":"<!-- This site is optimized with the Yoast SEO plugin v27.3 - https:\/\/yoast.com\/product\/yoast-seo-wordpress\/ -->\n<title>Privacy - Fellini Museum<\/title>\n<meta name=\"robots\" content=\"noindex, follow\" \/>\n<meta property=\"og:locale\" content=\"en_US\" \/>\n<meta property=\"og:type\" content=\"article\" \/>\n<meta property=\"og:title\" content=\"Privacy - Fellini Museum\" \/>\n<meta property=\"og:description\" content=\"Chi siamo Comune di Rimini,&nbsp;Piazza Cavour 27, 47900 RIMINI (RN) INFORMATIVA AI SENSI DEGLI ARTT. 13 E 14 DEL REGOLAMENTO UE 2016\/679 Ai sensi del vigente Codice in materia di [&hellip;]\" \/>\n<meta property=\"og:url\" content=\"https:\/\/fellinimuseum.it\/en\/privacy\/\" \/>\n<meta property=\"og:site_name\" content=\"Fellini Museum\" \/>\n<meta property=\"article:publisher\" content=\"https:\/\/www.facebook.com\/FelliniMuseum\/\" \/>\n<meta property=\"article:modified_time\" content=\"2023-12-20T10:29:38+00:00\" \/>\n<meta name=\"twitter:card\" content=\"summary_large_image\" \/>\n<meta name=\"twitter:label1\" content=\"Est. reading time\" \/>\n\t<meta name=\"twitter:data1\" content=\"4 minutes\" \/>\n<script type=\"application\/ld+json\" class=\"yoast-schema-graph\">{\"@context\":\"https:\\\/\\\/schema.org\",\"@graph\":[{\"@type\":\"WebPage\",\"@id\":\"https:\\\/\\\/fellinimuseum.it\\\/en\\\/privacy\\\/\",\"url\":\"https:\\\/\\\/fellinimuseum.it\\\/en\\\/privacy\\\/\",\"name\":\"Privacy - Fellini Museum\",\"isPartOf\":{\"@id\":\"https:\\\/\\\/fellinimuseum.it\\\/#website\"},\"datePublished\":\"2023-12-18T15:52:27+00:00\",\"dateModified\":\"2023-12-20T10:29:38+00:00\",\"breadcrumb\":{\"@id\":\"https:\\\/\\\/fellinimuseum.it\\\/en\\\/privacy\\\/#breadcrumb\"},\"inLanguage\":\"en-US\",\"potentialAction\":[{\"@type\":\"ReadAction\",\"target\":[\"https:\\\/\\\/fellinimuseum.it\\\/en\\\/privacy\\\/\"]}]},{\"@type\":\"BreadcrumbList\",\"@id\":\"https:\\\/\\\/fellinimuseum.it\\\/en\\\/privacy\\\/#breadcrumb\",\"itemListElement\":[{\"@type\":\"ListItem\",\"position\":1,\"name\":\"Home\",\"item\":\"https:\\\/\\\/fellinimuseum.it\\\/en\\\/\"},{\"@type\":\"ListItem\",\"position\":2,\"name\":\"Privacy\"}]},{\"@type\":\"WebSite\",\"@id\":\"https:\\\/\\\/fellinimuseum.it\\\/#website\",\"url\":\"https:\\\/\\\/fellinimuseum.it\\\/\",\"name\":\"Fellini Museum\",\"description\":\"\",\"publisher\":{\"@id\":\"https:\\\/\\\/fellinimuseum.it\\\/#organization\"},\"potentialAction\":[{\"@type\":\"SearchAction\",\"target\":{\"@type\":\"EntryPoint\",\"urlTemplate\":\"https:\\\/\\\/fellinimuseum.it\\\/?s={search_term_string}\"},\"query-input\":{\"@type\":\"PropertyValueSpecification\",\"valueRequired\":true,\"valueName\":\"search_term_string\"}}],\"inLanguage\":\"en-US\"},{\"@type\":\"Organization\",\"@id\":\"https:\\\/\\\/fellinimuseum.it\\\/#organization\",\"name\":\"Fellini Museum\",\"url\":\"https:\\\/\\\/fellinimuseum.it\\\/\",\"logo\":{\"@type\":\"ImageObject\",\"inLanguage\":\"en-US\",\"@id\":\"https:\\\/\\\/fellinimuseum.it\\\/#\\\/schema\\\/logo\\\/image\\\/\",\"url\":\"https:\\\/\\\/fellinimuseum.it\\\/wp-content\\\/uploads\\\/2023\\\/12\\\/logo-fellini-biancoenero.jpg\",\"contentUrl\":\"https:\\\/\\\/fellinimuseum.it\\\/wp-content\\\/uploads\\\/2023\\\/12\\\/logo-fellini-biancoenero.jpg\",\"width\":1408,\"height\":850,\"caption\":\"Fellini Museum\"},\"image\":{\"@id\":\"https:\\\/\\\/fellinimuseum.it\\\/#\\\/schema\\\/logo\\\/image\\\/\"},\"sameAs\":[\"https:\\\/\\\/www.facebook.com\\\/FelliniMuseum\\\/\"]}]}<\/script>\n<!-- \/ Yoast SEO plugin. -->","yoast_head_json":{"title":"Privacy - Fellini Museum","robots":{"index":"noindex","follow":"follow"},"og_locale":"en_US","og_type":"article","og_title":"Privacy - Fellini Museum","og_description":"Chi siamo Comune di Rimini,&nbsp;Piazza Cavour 27, 47900 RIMINI (RN) INFORMATIVA AI SENSI DEGLI ARTT. 13 E 14 DEL REGOLAMENTO UE 2016\/679 Ai sensi del vigente Codice in materia di [&hellip;]","og_url":"https:\/\/fellinimuseum.it\/en\/privacy\/","og_site_name":"Fellini Museum","article_publisher":"https:\/\/www.facebook.com\/FelliniMuseum\/","article_modified_time":"2023-12-20T10:29:38+00:00","twitter_card":"summary_large_image","twitter_misc":{"Est. reading time":"4 minutes"},"schema":{"@context":"https:\/\/schema.org","@graph":[{"@type":"WebPage","@id":"https:\/\/fellinimuseum.it\/en\/privacy\/","url":"https:\/\/fellinimuseum.it\/en\/privacy\/","name":"Privacy - Fellini Museum","isPartOf":{"@id":"https:\/\/fellinimuseum.it\/#website"},"datePublished":"2023-12-18T15:52:27+00:00","dateModified":"2023-12-20T10:29:38+00:00","breadcrumb":{"@id":"https:\/\/fellinimuseum.it\/en\/privacy\/#breadcrumb"},"inLanguage":"en-US","potentialAction":[{"@type":"ReadAction","target":["https:\/\/fellinimuseum.it\/en\/privacy\/"]}]},{"@type":"BreadcrumbList","@id":"https:\/\/fellinimuseum.it\/en\/privacy\/#breadcrumb","itemListElement":[{"@type":"ListItem","position":1,"name":"Home","item":"https:\/\/fellinimuseum.it\/en\/"},{"@type":"ListItem","position":2,"name":"Privacy"}]},{"@type":"WebSite","@id":"https:\/\/fellinimuseum.it\/#website","url":"https:\/\/fellinimuseum.it\/","name":"Fellini Museum","description":"","publisher":{"@id":"https:\/\/fellinimuseum.it\/#organization"},"potentialAction":[{"@type":"SearchAction","target":{"@type":"EntryPoint","urlTemplate":"https:\/\/fellinimuseum.it\/?s={search_term_string}"},"query-input":{"@type":"PropertyValueSpecification","valueRequired":true,"valueName":"search_term_string"}}],"inLanguage":"en-US"},{"@type":"Organization","@id":"https:\/\/fellinimuseum.it\/#organization","name":"Fellini Museum","url":"https:\/\/fellinimuseum.it\/","logo":{"@type":"ImageObject","inLanguage":"en-US","@id":"https:\/\/fellinimuseum.it\/#\/schema\/logo\/image\/","url":"https:\/\/fellinimuseum.it\/wp-content\/uploads\/2023\/12\/logo-fellini-biancoenero.jpg","contentUrl":"https:\/\/fellinimuseum.it\/wp-content\/uploads\/2023\/12\/logo-fellini-biancoenero.jpg","width":1408,"height":850,"caption":"Fellini Museum"},"image":{"@id":"https:\/\/fellinimuseum.it\/#\/schema\/logo\/image\/"},"sameAs":["https:\/\/www.facebook.com\/FelliniMuseum\/"]}]}},"_links":{"self":[{"href":"https:\/\/fellinimuseum.it\/en\/wp-json\/wp\/v2\/pages\/4934","targetHints":{"allow":["GET"]}}],"collection":[{"href":"https:\/\/fellinimuseum.it\/en\/wp-json\/wp\/v2\/pages"}],"about":[{"href":"https:\/\/fellinimuseum.it\/en\/wp-json\/wp\/v2\/types\/page"}],"author":[{"embeddable":true,"href":"https:\/\/fellinimuseum.it\/en\/wp-json\/wp\/v2\/users\/2"}],"replies":[{"embeddable":true,"href":"https:\/\/fellinimuseum.it\/en\/wp-json\/wp\/v2\/comments?post=4934"}],"version-history":[{"count":2,"href":"https:\/\/fellinimuseum.it\/en\/wp-json\/wp\/v2\/pages\/4934\/revisions"}],"predecessor-version":[{"id":4950,"href":"https:\/\/fellinimuseum.it\/en\/wp-json\/wp\/v2\/pages\/4934\/revisions\/4950"}],"wp:attachment":[{"href":"https:\/\/fellinimuseum.it\/en\/wp-json\/wp\/v2\/media?parent=4934"}],"curies":[{"name":"wp","href":"https:\/\/api.w.org\/{rel}","templated":true}]}}